{"id":1348,"date":"2022-07-13T07:16:30","date_gmt":"2022-07-13T07:16:30","guid":{"rendered":"https:\/\/ppck.asso.fr\/ppck\/?page_id=1348"},"modified":"2025-11-04T12:51:54","modified_gmt":"2025-11-04T12:51:54","slug":"tableaux","status":"publish","type":"page","link":"https:\/\/ppck.asso.fr\/ppck\/tableaux\/","title":{"rendered":"Tableaux Classement Int\u00e9gral"},"content":{"rendered":"<div data-colibri-id=\"1348-c1\" class=\"style-712 style-local-1348-c1 position-relative\">\n  <!---->\n  <div data-colibri-component=\"section\" data-colibri-id=\"1348-c2\" id=\"reusable-sections-2\" class=\"h-section h-section-global-spacing d-flex align-items-lg-center align-items-md-center align-items-center style-1311 style-local-1348-c2 position-relative\">\n    <!---->\n    <div class=\"h-separator\" style=\"height: 100px; top: calc(0px);\">\n      <svg style=\"fill:rgb(153, 153, 153);\" xmlns=\"http:\/\/www.w3.org\/2000\/svg\" viewBox=\"0 0 1000 100\" preserveAspectRatio=\"none\">\n        <g opacity=\"0.33\">\n          <path d=\"M385.42,52.92c-11.63,4.22-23.18,9-34.52,14.38-103.18,49-91.83-33.55-148.36-.49,50.13,17.35,121.87,64.84,270.46.49,11-4.7,64.52-25.43,118-41.8-4-.52-8.45-.95-13.41-1.28C507.83,41.64,455.4,71.84,385.42,52.92Z\" transform=\"translate(0 0)\" style=\"isolation:isolate\"><\/path>\n          <path d=\"M0,59.7S48.08,103,116.06,83.43C54.25,76.6,0,39.8,0,39.8Z\" transform=\"translate(0 0)\" style=\"isolation:isolate\"><\/path>\n          <path d=\"M916.4,48.1c-55.76,5.45-76.83,2-111.28-7.81-3.09,1.4-6.07,2.81-9,4.22,13.93,8.57,25.54,16.74,33.15,22.39,13,9.8,43,25.4,75.8,22.1S1000,59.7,1000,59.7V36.5s-6.87-4.5-21.48-9.06C966,36.56,946.56,45.15,916.4,48.1Z\" transform=\"translate(0 0)\" style=\"isolation:isolate\"><\/path>\n        <\/g>\n        <g opacity=\"0.66\">\n          <path d=\"M771.65,30.49,766.1,28.9c-55-15.81-99.84-18-138.66-13.76a368.79,368.79,0,0,0-49.81,9.08c5,.33,9.44.76,13.41,1.28a89.13,89.13,0,0,1,13.86,2.7C656.8,44.1,688.5,67.3,734,67.3c19.82,0,38-11.12,62.15-22.79,2.9-1.41,5.88-2.82,9-4.22C795.39,37.52,784.59,34.23,771.65,30.49Z\"\n            transform=\"translate(0 0)\"><\/path>\n          <path d=\"M371,48.4C242,1.8,242,5.4,184.8,20.6,128,35.8,132.3,44.9,89.9,52.5,28.6,63.7,0,0,0,0V39.8S54.25,76.6,116.06,83.43c28.46,3.15,58.53-.05,85.64-16.13l.84-.49c56.53-33.06,45.18,49.44,148.36.49,11.34-5.38,22.89-10.16,34.52-14.38Q378.34,51,371,48.4Z\"\n            transform=\"translate(0 0)\"><\/path>\n          <path d=\"M978.52,27.44C993.13,32,1000,36.5,1000,36.5V0S996.54,14.27,978.52,27.44Z\" transform=\"translate(0 0)\"><\/path>\n        <\/g>\n        <path d=\"M0,0S28.6,63.7,89.9,52.5c42.4-7.6,38.1-16.7,94.9-31.9C242,5.4,242,1.8,371,48.4q7.33,2.61,14.42,4.52c70,18.92,122.41-11.28,192.21-28.7a368.79,368.79,0,0,1,49.81-9.08c38.82-4.21,83.68-2.05,138.66,13.76l5.55,1.59c12.94,3.74,23.74,7,33.47,9.8,34.45,9.83,55.52,13.26,111.28,7.81,30.16-3,49.63-11.54,62.12-20.66C996.54,14.27,1000,0,1000,0Z\"\n          transform=\"translate(0 0)\"><\/path>\n      <\/svg>\n    <\/div>\n    <div class=\"h-section-grid-container h-section-boxed-container\">\n      <!---->\n      <div data-colibri-id=\"1348-c3\" class=\"h-row-container gutters-row-lg-0 gutters-row-md-0 gutters-row-0 gutters-row-v-lg-0 gutters-row-v-md-0 gutters-row-v-0 style-1312 style-local-1348-c3 position-relative\">\n        <!---->\n        <div class=\"h-row justify-content-lg-center justify-content-md-center justify-content-center align-items-lg-stretch align-items-md-stretch align-items-stretch gutters-col-lg-0 gutters-col-md-0 gutters-col-0 gutters-col-v-lg-0 gutters-col-v-md-0 gutters-col-v-0\">\n          <!---->\n          <div class=\"h-column h-column-container d-flex h-col-lg-auto h-col-md-auto h-col-auto style-1313-outer style-local-1348-c4-outer\">\n            <div data-colibri-id=\"1348-c4\" class=\"d-flex h-flex-basis h-column__inner h-px-lg-0 h-px-md-0 h-px-0 v-inner-lg-0 v-inner-md-0 v-inner-0 style-1313 style-local-1348-c4 position-relative\">\n              <!---->\n              <!---->\n              <div class=\"w-100 h-y-container h-column__content h-column__v-align flex-basis-100 align-self-lg-start align-self-md-start align-self-start\">\n                <!---->\n                <div data-colibri-id=\"1348-c5\" class=\"h-text h-text-component style-1314 style-local-1348-c5 position-relative h-element\">\n                  <!---->\n                  <!---->\n                  <div class=\"\">\n                    <p>TABLEAU CLASSEMENT INT\u00c9GRAL<\/p>\n                    <p>(Engag\u00e9s, Poules, Tableau, R\u00e9sultats)<\/p>\n                  <\/div>\n                <\/div>\n              <\/div>\n            <\/div>\n          <\/div>\n        <\/div>\n      <\/div>\n    <\/div>\n  <\/div>\n  <div data-colibri-component=\"section\" data-colibri-id=\"1348-c6\" id=\"reusable-sections\" class=\"h-section h-section-global-spacing d-flex align-items-lg-center align-items-md-center align-items-center style-1315 style-local-1348-c6 position-relative\">\n    <!---->\n    <!---->\n    <div class=\"h-section-grid-container h-section-boxed-container\">\n      <!---->\n      <div data-colibri-id=\"1348-c7\" class=\"h-row-container gutters-row-lg-1 gutters-row-md-1 gutters-row-0 gutters-row-v-lg-1 gutters-row-v-md-1 gutters-row-v-1 style-1316 style-local-1348-c7 position-relative\">\n        <!---->\n        <div class=\"h-row justify-content-lg-center justify-content-md-center justify-content-center align-items-lg-stretch align-items-md-stretch align-items-stretch gutters-col-lg-1 gutters-col-md-1 gutters-col-0 gutters-col-v-lg-1 gutters-col-v-md-1 gutters-col-v-1\">\n          <!---->\n          <div class=\"h-column h-column-container d-flex h-col-lg-auto h-col-md-auto h-col-auto style-1317-outer style-local-1348-c8-outer\">\n            <div data-colibri-id=\"1348-c8\" class=\"d-flex h-flex-basis h-column__inner h-px-lg-1 h-px-md-1 h-px-1 v-inner-lg-1 v-inner-md-1 v-inner-1 style-1317 style-local-1348-c8 position-relative\">\n              <!---->\n              <!---->\n              <div class=\"w-100 h-y-container h-column__content h-column__v-align flex-basis-100 align-self-lg-start align-self-md-start align-self-start\">\n                <!---->\n                <div data-colibri-id=\"1348-c9\" class=\"h-text h-text-component style-1318 style-local-1348-c9 position-relative h-element\">\n                  <!---->\n                  <!---->\n                  <div class=\"\">\n                    <p>(Version .xlsx)\n                      <br><span style=\"font-weight: 600; color: rgb(181, 42, 42);\">Fichiers d&rsquo;aide automatis\u00e9s n&rsquo;exemptent pas de la comp\u00e9tence en juge arbitrage<\/span><\/p>\n                  <\/div>\n                <\/div>\n              <\/div>\n            <\/div>\n          <\/div>\n        <\/div>\n      <\/div>\n      <div data-colibri-id=\"1348-c10\" class=\"h-row-container gutters-row-lg-1 gutters-row-md-1 gutters-row-0 gutters-row-v-lg-1 gutters-row-v-md-1 gutters-row-v-1 style-1319 style-local-1348-c10 position-relative\">\n        <!---->\n        <div class=\"h-row justify-content-lg-center justify-content-md-center justify-content-center align-items-lg-stretch align-items-md-stretch align-items-stretch gutters-col-lg-1 gutters-col-md-1 gutters-col-0 gutters-col-v-lg-1 gutters-col-v-md-1 gutters-col-v-1\">\n          <!---->\n          <div class=\"h-column h-column-container d-flex h-col-lg-3 h-col-md-3 h-col-12 style-1320-outer style-local-1348-c11-outer\">\n            <div data-colibri-id=\"1348-c11\" class=\"d-flex h-flex-basis h-column__inner h-px-lg-1 h-px-md-1 h-px-1 v-inner-lg-1 v-inner-md-1 v-inner-1 style-1320 style-local-1348-c11 position-relative\">\n              <!---->\n              <!---->\n              <div class=\"w-100 h-y-container h-column__content h-column__v-align flex-basis-100 align-self-lg-start align-self-md-start align-self-start\">\n                <!---->\n                <div data-colibri-id=\"1348-c12\" class=\"h-icon style-1321 style-local-1348-c12 position-relative h-element\">\n                  <!---->\n                  <a href=\"https:\/\/ppck.asso.fr\/ppck\/wp-content\/uploads\/2025\/11\/Integral_8_2P4_v2.xlsx\" target=\"_blank\" h-use-smooth-scroll=\"true\"><span class=\"h-svg-icon h-icon__icon style-1321-icon style-local-1348-c12-icon\"><!--Icon by Material Icons (https:\/\/material.io)--><svg version=\"1.1\" xmlns=\"http:\/\/www.w3.org\/2000\/svg\" xmlns:xlink=\"http:\/\/www.w3.org\/1999\/xlink\" id=\"assignment\" viewBox=\"0 0 512 512\"><path d=\"M363 192v-43H149v43h214zm0 85v-42H149v42h214zm-64 86v-43H149v43h150zM271 70q-6-6-15-6t-15 6q-6 6-6 15t6 15.5q6 6.5 15 6.5t15-6.5q6-6.5 6-15.5t-6-15zm134-6q17 0 30 13t13 30v298q0 17-13 30t-30 13H107q-17 0-30-13t-13-30V107q0-17 13-30t30-13h89q7-19 23-31t37-12q21 0 37 12t23 31h89z\"><\/path><\/svg><\/span><\/a>\n                <\/div>\n                <div data-colibri-id=\"1348-c13\" class=\"h-text h-text-component style-1323 style-local-1348-c13 position-relative h-element\">\n                  <!---->\n                  <!---->\n                  <div class=\"\">\n                    <p>8 Joueurs\n                      <br>2 poules de 4\n                      <br>\n                    <\/p>\n                  <\/div>\n                <\/div>\n                <div data-colibri-id=\"1348-c36\" class=\"h-text h-text-component style-1676 style-local-1348-c36 position-relative h-element\">\n                  <!---->\n                  <!---->\n                  <div class=\"\">\n                    <p><span style=\"font-weight: 600; font-size: 149%; font-family: &quot;Open Sans&quot;; color: rgb(51, 51, 51);\">(V2|04\/11\/25)<\/span><\/p>\n                  <\/div>\n                <\/div>\n              <\/div>\n            <\/div>\n          <\/div>\n          <div class=\"h-column h-column-container d-flex h-col-lg-3 h-col-md-3 h-col-12 style-1320-outer style-local-1348-c14-outer\">\n            <div data-colibri-id=\"1348-c14\" class=\"d-flex h-flex-basis h-column__inner h-px-lg-1 h-px-md-1 h-px-1 v-inner-lg-1 v-inner-md-1 v-inner-1 style-1320 style-local-1348-c14 position-relative\">\n              <!---->\n              <!---->\n              <div class=\"w-100 h-y-container h-column__content h-column__v-align flex-basis-100 align-self-lg-start align-self-md-start align-self-start\">\n                <!---->\n                <div data-colibri-id=\"1348-c15\" class=\"h-icon style-1321 style-local-1348-c15 position-relative h-element\">\n                  <!---->\n                  <a href=\"https:\/\/ppck.asso.fr\/ppck\/wp-content\/uploads\/2025\/02\/Integral_10_2P5_v2.xlsx\" target=\"_blank\" h-use-smooth-scroll=\"true\"><span class=\"h-svg-icon h-icon__icon style-1321-icon style-local-1348-c15-icon\"><!--Icon by Material Icons (https:\/\/material.io)--><svg version=\"1.1\" xmlns=\"http:\/\/www.w3.org\/2000\/svg\" xmlns:xlink=\"http:\/\/www.w3.org\/1999\/xlink\" id=\"assignment\" viewBox=\"0 0 512 512\"><path d=\"M363 192v-43H149v43h214zm0 85v-42H149v42h214zm-64 86v-43H149v43h150zM271 70q-6-6-15-6t-15 6q-6 6-6 15t6 15.5q6 6.5 15 6.5t15-6.5q6-6.5 6-15.5t-6-15zm134-6q17 0 30 13t13 30v298q0 17-13 30t-30 13H107q-17 0-30-13t-13-30V107q0-17 13-30t30-13h89q7-19 23-31t37-12q21 0 37 12t23 31h89z\"><\/path><\/svg><\/span><\/a>\n                <\/div>\n                <div data-colibri-id=\"1348-c16\" class=\"h-text h-text-component style-1323 style-local-1348-c16 position-relative h-element\">\n                  <!---->\n                  <!---->\n                  <div class=\"\">\n                    <p>10 Joueurs\n                      <br>2 poules de 5<\/p>\n                  <\/div>\n                <\/div>\n              <\/div>\n            <\/div>\n          <\/div>\n          <div class=\"h-column h-column-container d-flex h-col-lg-3 h-col-md-3 h-col-12 style-1320-outer style-local-1348-c17-outer\">\n            <div data-colibri-id=\"1348-c17\" class=\"d-flex h-flex-basis h-column__inner h-px-lg-1 h-px-md-1 h-px-1 v-inner-lg-1 v-inner-md-1 v-inner-1 style-1320 style-local-1348-c17 position-relative\">\n              <!---->\n              <!---->\n              <div class=\"w-100 h-y-container h-column__content h-column__v-align flex-basis-100 align-self-lg-start align-self-md-start align-self-start\">\n                <!---->\n                <div data-colibri-id=\"1348-c18\" class=\"h-icon style-1321 style-local-1348-c18 position-relative h-element\">\n                  <!---->\n                  <a href=\"https:\/\/ppck.asso.fr\/ppck\/wp-content\/uploads\/2025\/04\/Integral_12_4P3C_v3.xlsx\" target=\"_blank\" h-use-smooth-scroll=\"true\"><span class=\"h-svg-icon h-icon__icon style-1321-icon style-local-1348-c18-icon\"><!--Icon by Material Icons (https:\/\/material.io)--><svg version=\"1.1\" xmlns=\"http:\/\/www.w3.org\/2000\/svg\" xmlns:xlink=\"http:\/\/www.w3.org\/1999\/xlink\" id=\"assignment\" viewBox=\"0 0 512 512\"><path d=\"M363 192v-43H149v43h214zm0 85v-42H149v42h214zm-64 86v-43H149v43h150zM271 70q-6-6-15-6t-15 6q-6 6-6 15t6 15.5q6 6.5 15 6.5t15-6.5q6-6.5 6-15.5t-6-15zm134-6q17 0 30 13t13 30v298q0 17-13 30t-30 13H107q-17 0-30-13t-13-30V107q0-17 13-30t30-13h89q7-19 23-31t37-12q21 0 37 12t23 31h89z\"><\/path><\/svg><\/span><\/a>\n                <\/div>\n                <div data-colibri-id=\"1348-c19\" class=\"h-text h-text-component style-1323 style-local-1348-c19 position-relative h-element\">\n                  <!---->\n                  <!---->\n                  <div class=\"\">\n                    <p>12 Joueurs\n                      <br>4 poules de 3\n                      <br>(5 tours)<\/p>\n                  <\/div>\n                <\/div>\n              <\/div>\n            <\/div>\n          <\/div>\n          <div class=\"h-column h-column-container d-flex h-col-lg-3 h-col-md-3 h-col-12 style-1320-outer style-local-1348-c20-outer\">\n            <div data-colibri-id=\"1348-c20\" class=\"d-flex h-flex-basis h-column__inner h-px-lg-1 h-px-md-1 h-px-1 v-inner-lg-1 v-inner-md-1 v-inner-1 style-1320 style-local-1348-c20 position-relative\">\n              <!---->\n              <!---->\n              <div class=\"w-100 h-y-container h-column__content h-column__v-align flex-basis-100 align-self-lg-start align-self-md-start align-self-start\">\n                <!---->\n                <div data-colibri-id=\"1348-c21\" class=\"h-icon style-1321 style-local-1348-c21 position-relative h-element\">\n                  <!---->\n                  <a href=\"https:\/\/ppck.asso.fr\/ppck\/wp-content\/uploads\/2025\/04\/Integral_12_4P3L_v3.xlsx\" target=\"_blank\" h-use-smooth-scroll=\"true\"><span class=\"h-svg-icon h-icon__icon style-1321-icon style-local-1348-c21-icon\"><!--Icon by Material Icons (https:\/\/material.io)--><svg version=\"1.1\" xmlns=\"http:\/\/www.w3.org\/2000\/svg\" xmlns:xlink=\"http:\/\/www.w3.org\/1999\/xlink\" id=\"assignment\" viewBox=\"0 0 512 512\"><path d=\"M363 192v-43H149v43h214zm0 85v-42H149v42h214zm-64 86v-43H149v43h150zM271 70q-6-6-15-6t-15 6q-6 6-6 15t6 15.5q6 6.5 15 6.5t15-6.5q6-6.5 6-15.5t-6-15zm134-6q17 0 30 13t13 30v298q0 17-13 30t-30 13H107q-17 0-30-13t-13-30V107q0-17 13-30t30-13h89q7-19 23-31t37-12q21 0 37 12t23 31h89z\"><\/path><\/svg><\/span><\/a>\n                <\/div>\n                <div data-colibri-id=\"1348-c22\" class=\"h-text h-text-component style-1323 style-local-1348-c22 position-relative h-element\">\n                  <!---->\n                  <!---->\n                  <div class=\"\">\n                    <p>12 Joueurs\n                      <br>4 poules de 3\n                      <br>(6 tours)<\/p>\n                  <\/div>\n                <\/div>\n              <\/div>\n            <\/div>\n          <\/div>\n          <div class=\"h-column h-column-container d-flex h-col-lg-3 h-col-md-3 h-col-12 style-1320-outer style-local-1348-c23-outer\">\n            <div data-colibri-id=\"1348-c23\" class=\"d-flex h-flex-basis h-column__inner h-px-lg-1 h-px-md-1 h-px-1 v-inner-lg-1 v-inner-md-1 v-inner-1 style-1320 style-local-1348-c23 position-relative\">\n              <!---->\n              <!---->\n              <div class=\"w-100 h-y-container h-column__content h-column__v-align flex-basis-100 align-self-lg-start align-self-md-start align-self-start\">\n                <!---->\n                <div data-colibri-id=\"1348-c24\" class=\"h-icon style-1321 style-local-1348-c24 position-relative h-element\">\n                  <!---->\n                  <a href=\"https:\/\/ppck.asso.fr\/ppck\/wp-content\/uploads\/2025\/02\/Integral_16_4P4L_v2.xlsx\" target=\"_blank\" h-use-smooth-scroll=\"true\"><span class=\"h-svg-icon h-icon__icon style-1321-icon style-local-1348-c24-icon\"><!--Icon by Material Icons (https:\/\/material.io)--><svg version=\"1.1\" xmlns=\"http:\/\/www.w3.org\/2000\/svg\" xmlns:xlink=\"http:\/\/www.w3.org\/1999\/xlink\" id=\"assignment\" viewBox=\"0 0 512 512\"><path d=\"M363 192v-43H149v43h214zm0 85v-42H149v42h214zm-64 86v-43H149v43h150zM271 70q-6-6-15-6t-15 6q-6 6-6 15t6 15.5q6 6.5 15 6.5t15-6.5q6-6.5 6-15.5t-6-15zm134-6q17 0 30 13t13 30v298q0 17-13 30t-30 13H107q-17 0-30-13t-13-30V107q0-17 13-30t30-13h89q7-19 23-31t37-12q21 0 37 12t23 31h89z\"><\/path><\/svg><\/span><\/a>\n                <\/div>\n                <div data-colibri-id=\"1348-c25\" class=\"h-text h-text-component style-1323 style-local-1348-c25 position-relative h-element\">\n                  <!---->\n                  <!---->\n                  <div class=\"\">\n                    <p>16 Joueurs\n                      <br>4 poules de 4<\/p>\n                  <\/div>\n                <\/div>\n              <\/div>\n            <\/div>\n          <\/div>\n          <div class=\"h-column h-column-container d-flex h-col-lg-3 h-col-md-3 h-col-12 style-1320-outer style-local-1348-c26-outer\">\n            <div data-colibri-id=\"1348-c26\" class=\"d-flex h-flex-basis h-column__inner h-px-lg-1 h-px-md-1 h-px-1 v-inner-lg-1 v-inner-md-1 v-inner-1 style-1320 style-local-1348-c26 position-relative\">\n              <!---->\n              <!---->\n              <div class=\"w-100 h-y-container h-column__content h-column__v-align flex-basis-100 align-self-lg-start align-self-md-start align-self-start\">\n                <!---->\n                <div data-colibri-id=\"1348-c27\" class=\"h-icon style-1321 style-local-1348-c27 position-relative h-element\">\n                  <!---->\n                  <a href=\"https:\/\/ppck.asso.fr\/ppck\/wp-content\/uploads\/2025\/02\/Integral_24_4P6_v2.xlsx\" target=\"_blank\" h-use-smooth-scroll=\"true\"><span class=\"h-svg-icon h-icon__icon style-1321-icon style-local-1348-c27-icon\"><!--Icon by Material Icons (https:\/\/material.io)--><svg version=\"1.1\" xmlns=\"http:\/\/www.w3.org\/2000\/svg\" xmlns:xlink=\"http:\/\/www.w3.org\/1999\/xlink\" id=\"assignment\" viewBox=\"0 0 512 512\"><path d=\"M363 192v-43H149v43h214zm0 85v-42H149v42h214zm-64 86v-43H149v43h150zM271 70q-6-6-15-6t-15 6q-6 6-6 15t6 15.5q6 6.5 15 6.5t15-6.5q6-6.5 6-15.5t-6-15zm134-6q17 0 30 13t13 30v298q0 17-13 30t-30 13H107q-17 0-30-13t-13-30V107q0-17 13-30t30-13h89q7-19 23-31t37-12q21 0 37 12t23 31h89z\"><\/path><\/svg><\/span><\/a>\n                <\/div>\n                <div data-colibri-id=\"1348-c28\" class=\"h-text h-text-component style-1323 style-local-1348-c28 position-relative h-element\">\n                  <!---->\n                  <!---->\n                  <div class=\"\">\n                    <p>24 Joueurs\n                      <br>4 poules de 6<\/p>\n                  <\/div>\n                <\/div>\n              <\/div>\n            <\/div>\n          <\/div>\n          <div class=\"h-column h-column-container d-flex h-col-lg-3 h-col-md-3 h-col-12 style-1320-outer style-local-1348-c29-outer\">\n            <div data-colibri-id=\"1348-c29\" class=\"d-flex h-flex-basis h-column__inner h-px-lg-1 h-px-md-1 h-px-1 v-inner-lg-1 v-inner-md-1 v-inner-1 style-1320 style-local-1348-c29 position-relative\">\n              <!---->\n              <!---->\n              <div class=\"w-100 h-y-container h-column__content h-column__v-align flex-basis-100 align-self-lg-start align-self-md-start align-self-start\">\n                <!---->\n                <div data-colibri-id=\"1348-c30\" class=\"h-icon style-1321 style-local-1348-c30 position-relative h-element\">\n                  <!---->\n                  <a href=\"https:\/\/ppck.asso.fr\/ppck\/wp-content\/uploads\/2025\/02\/Integral_24_8P3_v2.xlsx\" target=\"_blank\" h-use-smooth-scroll=\"true\"><span class=\"h-svg-icon h-icon__icon style-1321-icon style-local-1348-c30-icon\"><!--Icon by Material Icons (https:\/\/material.io)--><svg version=\"1.1\" xmlns=\"http:\/\/www.w3.org\/2000\/svg\" xmlns:xlink=\"http:\/\/www.w3.org\/1999\/xlink\" id=\"assignment\" viewBox=\"0 0 512 512\"><path d=\"M363 192v-43H149v43h214zm0 85v-42H149v42h214zm-64 86v-43H149v43h150zM271 70q-6-6-15-6t-15 6q-6 6-6 15t6 15.5q6 6.5 15 6.5t15-6.5q6-6.5 6-15.5t-6-15zm134-6q17 0 30 13t13 30v298q0 17-13 30t-30 13H107q-17 0-30-13t-13-30V107q0-17 13-30t30-13h89q7-19 23-31t37-12q21 0 37 12t23 31h89z\"><\/path><\/svg><\/span><\/a>\n                <\/div>\n                <div data-colibri-id=\"1348-c31\" class=\"h-text h-text-component style-1323 style-local-1348-c31 position-relative h-element\">\n                  <!---->\n                  <!---->\n                  <div class=\"\">\n                    <p>24 joueurs\n                      <br>8 poules de 3<\/p>\n                  <\/div>\n                <\/div>\n              <\/div>\n            <\/div>\n          <\/div>\n          <div class=\"h-column h-column-container d-flex h-col-lg-3 h-col-md-3 h-col-12 style-1320-outer style-local-1348-c32-outer\">\n            <div data-colibri-id=\"1348-c32\" class=\"d-flex h-flex-basis h-column__inner h-px-lg-1 h-px-md-1 h-px-1 v-inner-lg-1 v-inner-md-1 v-inner-1 style-1320 style-local-1348-c32 position-relative\">\n              <!---->\n              <!---->\n              <div class=\"w-100 h-y-container h-column__content h-column__v-align flex-basis-100 align-self-lg-start align-self-md-start align-self-start\">\n                <!---->\n                <div data-colibri-id=\"1348-c33\" class=\"h-icon style-1321 style-local-1348-c33 position-relative h-element\">\n                  <!---->\n                  <a href=\"https:\/\/ppck.asso.fr\/ppck\/wp-content\/uploads\/2025\/02\/Integral_32_8P4L_v2.xlsx\" target=\"_blank\" h-use-smooth-scroll=\"true\"><span class=\"h-svg-icon h-icon__icon style-1321-icon style-local-1348-c33-icon\"><!--Icon by Material Icons (https:\/\/material.io)--><svg version=\"1.1\" xmlns=\"http:\/\/www.w3.org\/2000\/svg\" xmlns:xlink=\"http:\/\/www.w3.org\/1999\/xlink\" id=\"assignment\" viewBox=\"0 0 512 512\"><path d=\"M363 192v-43H149v43h214zm0 85v-42H149v42h214zm-64 86v-43H149v43h150zM271 70q-6-6-15-6t-15 6q-6 6-6 15t6 15.5q6 6.5 15 6.5t15-6.5q6-6.5 6-15.5t-6-15zm134-6q17 0 30 13t13 30v298q0 17-13 30t-30 13H107q-17 0-30-13t-13-30V107q0-17 13-30t30-13h89q7-19 23-31t37-12q21 0 37 12t23 31h89z\"><\/path><\/svg><\/span><\/a>\n                <\/div>\n                <div data-colibri-id=\"1348-c34\" class=\"h-text h-text-component style-1323 style-local-1348-c34 position-relative h-element\">\n                  <!---->\n                  <!---->\n                  <div class=\"\">\n                    <p>32 joueurs\n                      <br>8 poules de 4<\/p>\n                  <\/div>\n                <\/div>\n              <\/div>\n            <\/div>\n          <\/div>\n        <\/div>\n      <\/div>\n    <\/div>\n  <\/div>\n<\/div>","protected":false},"excerpt":{"rendered":"<p>TABLEAU CLASSEMENT INT\u00c9GRAL (Engag\u00e9s, Poules, Tableau, R\u00e9sultats) (Version .xlsx) Fichiers d&rsquo;aide automatis\u00e9s n&rsquo;exemptent pas de la comp\u00e9tence en juge arbitrage 8 Joueurs 2 poules de 4 (V2|04\/11\/25) 10 Joueurs 2 poules de 5 12 Joueurs 4 poules de 3 (5 tours) 12 Joueurs 4 poules de 3 (6 tours) 16 Joueurs 4 poules de 4 [&hellip;]<\/p>\n","protected":false},"author":1,"featured_media":0,"parent":0,"menu_order":0,"comment_status":"closed","ping_status":"closed","template":"page-templates\/full-width-page.php","meta":{"footnotes":""},"class_list":["post-1348","page","type-page","status-publish","hentry"],"publishpress_future_action":{"enabled":false,"date":"2026-05-05 07:23:48","action":"change-status","newStatus":"draft","terms":[],"taxonomy":"","extraData":[]},"publishpress_future_workflow_manual_trigger":{"enabledWorkflows":[]},"_links":{"self":[{"href":"https:\/\/ppck.asso.fr\/ppck\/wp-json\/wp\/v2\/pages\/1348","targetHints":{"allow":["GET"]}}],"collection":[{"href":"https:\/\/ppck.asso.fr\/ppck\/wp-json\/wp\/v2\/pages"}],"about":[{"href":"https:\/\/ppck.asso.fr\/ppck\/wp-json\/wp\/v2\/types\/page"}],"author":[{"embeddable":true,"href":"https:\/\/ppck.asso.fr\/ppck\/wp-json\/wp\/v2\/users\/1"}],"replies":[{"embeddable":true,"href":"https:\/\/ppck.asso.fr\/ppck\/wp-json\/wp\/v2\/comments?post=1348"}],"version-history":[{"count":20,"href":"https:\/\/ppck.asso.fr\/ppck\/wp-json\/wp\/v2\/pages\/1348\/revisions"}],"predecessor-version":[{"id":7692,"href":"https:\/\/ppck.asso.fr\/ppck\/wp-json\/wp\/v2\/pages\/1348\/revisions\/7692"}],"wp:attachment":[{"href":"https:\/\/ppck.asso.fr\/ppck\/wp-json\/wp\/v2\/media?parent=1348"}],"curies":[{"name":"wp","href":"https:\/\/api.w.org\/{rel}","templated":true}]}}